{"id":145,"date":"2021-02-12T10:52:05","date_gmt":"2021-02-12T10:52:05","guid":{"rendered":"https:\/\/www.brasserieastoria.se\/wp\/privata-sallskap\/"},"modified":"2026-01-16T09:57:53","modified_gmt":"2026-01-16T09:57:53","slug":"privata-sallskap","status":"publish","type":"page","link":"https:\/\/www.brasserieastoria.se\/en\/privata-sallskap\/","title":{"rendered":"Private Dining"},"content":{"rendered":"\n<div class=\"wp-block-columns is-layout-flex wp-container-core-columns-is-layout-9d6595d7 wp-block-columns-is-layout-flex\">\n<div class=\"wp-block-column is-layout-flow wp-block-column-is-layout-flow\" style=\"flex-basis:66.66%\">\n<h1 class=\"wp-block-heading\">A private experience<\/h1>\n\n\n\n<h2 class=\"wp-block-heading\">Dine in our private chambre s\u00e9par\u00e9e<\/h2>\n\n\n\n<p>We offer a chambre s\u00e9par\u00e9e for private events for parties of up to 12 people. Our full \u00e0 la carte menu is available.<\/p>\n\n\n\n<p><em>The minimum charge on evenings and weekends is SEK 10,000.<\/em><\/p>\n\n\n\n<div style=\"height:20px\" aria-hidden=\"true\" class=\"wp-block-spacer\"><\/div>\n\n\n\n<div class=\"wp-block-buttons is-layout-flex wp-block-buttons-is-layout-flex\">\n<div class=\"wp-block-button is-style-outline is-style-outline--1\"><a class=\"wp-block-button__link wp-element-button\" href=\"https:\/\/www.sevenrooms.com\/experiences\/brasserieastoriastockholm\/chambre-s-par-e-6531671954128896\" style=\"border-radius:0px\">Book our chambre s\u00e9par\u00e9e<\/a><\/div>\n<\/div>\n\n\n\n<div style=\"height:50px\" aria-hidden=\"true\" class=\"wp-block-spacer\"><\/div>\n\n\n\n<h2 class=\"wp-block-heading\">&#8220;Tavelrummet&#8221; \u2013 Private dining space for up to 30 guests<\/h2>\n\n\n\n<p>&#8220;Tavelrummet&#8221; (The Art Room) is a secluded section of our main dining room that can be separated with curtains and accommodates up to 30 guests. Ideal for celebrations, corporate events, dinners, and other special occasions.<\/p>\n\n\n\n<p>Bookings via\u00a0<a href=\"mailto:reservation@brasserieastoria.com\" target=\"_blank\" rel=\"noreferrer noopener\">reservation@brasserieastoria.com<\/a><\/p>\n<\/div>\n\n\n\n<div class=\"wp-block-column is-layout-flow wp-block-column-is-layout-flow\" style=\"flex-basis:33.33%\">\n<h4 class=\"wp-block-heading\">Follow us on instagram<\/h4>\n\n\n\n<p><a href=\"https:\/\/www.instagram.com\/brasserieastoria\/\">@brasserieastoria<\/a><\/p>\n\n\n<div class=\"sidebar_wrapper\"><hr><div class=\"html_content bla\">\n\n        <!-- Begin MailChimp Signup Form --> <link href=\"\/\/cdn-images.mailchimp.com\/embedcode\/classic-081711.css\" rel=\"stylesheet\" type=\"text\/css\"> \n\t\t\n\t\t<style type=\"text\/css\"> #mc_embed_signup{background:transparent; clear:left; color:#fff; } .mc-field-group input { color:#000; }\n\t\t\n\t\t#mc_embed_signup .mc-field-group {\n  max-width: 300px;\n  float:none;\n    width:100%;\n}\n\n#mc_embed_signup #mce-success-response {\n\ttext-align:center;\n  \tcolor: #fff;\n\twidth: 100%;\n}\n\n#mc_embed_signup .mc-field-group input {\n  padding: 7px 0 2px 0;\n  text-indent: 2%;\n  font-size: 22px;\n}\n\n\t\t\n\t\t\/* Add your own MailChimp form style overrides in your site stylesheet or in this style block. We recommend moving this block and the preceding CSS link to the HEAD of your HTML file. *\/ <\/style> <div id=\"mc_embed_signup\"> <form action=\"\/\/gastonvin.us3.list-manage.com\/subscribe\/post?u=7b600f0852b4de38c5f745b1f&amp;id=b9ac18c4f3\" method=\"post\" id=\"mc-embedded-subscribe-form\" name=\"mc-embedded-subscribe-form\" class=\"validate\" target=\"_blank\" novalidate> <div id=\"mc_embed_signup_scroll\">         <h3>Newsletter<\/h3>\n <div class=\"mc-field-group\"> <input type=\"email\" onfocus=\"if(this.value=='Your E-mail') this.value='';\" onblur=\"if(this.value=='') this.value='Your E-mail';\" value=\"Your E-mail\" name=\"EMAIL\" class=\"required email\" id=\"mce-EMAIL\"> <\/div><div class=\"clear\"><input type=\"submit\" value=\"Send\" name=\"subscribe\" id=\"mc-embedded-subscribe\" class=\"button\"><\/div>  <div id=\"mce-responses\" class=\"clear\"> <div class=\"response\" id=\"mce-error-response\" style=\"display:none\"><\/div> <div class=\"response\" id=\"mce-success-response\" style=\"display:none\"><\/div> <\/div> <!-- real people should not fill this in and expect good things - do not remove this or risk form bot signups--> <div style=\"position: absolute; left: -5000px;\"><input type=\"text\" name=\"b_7b600f0852b4de38c5f745b1f_b9ac18c4f3\" tabindex=\"-1\" value=\"\"><\/div> <\/div> <\/form> <\/div><hr><div class=\"open_hours\"><hr \/>\r\n\r\n<h3>Opening hours<\/h3>\r\n\r\n<hr \/>\r\n<p data-pm-slice=\"0 0 []\">Monday \u2013 Tuesday, 11.30 \u2013 00.00\r\nWednesday \u2013 Thursday, 11.30 \u2013 01.00\r\nFriday, 11.30 \u2013 02.00\r\nSaturday, 12.00 \u2013 02.00\r\nSunday, 12.00 \u2013 00.00<\/p>\r\n\r\n\r\n<hr \/>\r\n\r\n<h3>GIFT CARD<\/h3>\r\n<a href=\"https:\/\/www.frantzenprojects.com\/product\/brasserie-astoria-gift-card\/\" target=\"_blank\" rel=\"noopener\">Online<\/a>\r\n\r\n<hr \/><\/div><\/div><\/div>\n<\/div>\n<\/div>\n","protected":false},"excerpt":{"rendered":"<p>A private experience Dine in our private chambre s\u00e9par\u00e9e We offer a chambre s\u00e9par\u00e9e for private events for parties of up to 12 people. Our full \u00e0 la carte menu is available. The minimum charge on evenings and weekends is SEK 10,000. &#8220;Tavelrummet&#8221; \u2013 Private dining space for up to 30 guests &#8220;Tavelrummet&#8221; (The Art [&hellip;]<\/p>\n","protected":false},"author":1,"featured_media":0,"parent":0,"menu_order":0,"comment_status":"closed","ping_status":"closed","template":"","meta":{"_acf_changed":false,"footnotes":""},"class_list":["post-145","page","type-page","status-publish","hentry"],"acf":[],"yoast_head":"<!-- This site is optimized with the Yoast SEO plugin v21.9.1 - https:\/\/yoast.com\/wordpress\/plugins\/seo\/ -->\n<title>Private Dining - Brasserie Astoria<\/title>\n<meta name=\"robots\" content=\"index, follow, max-snippet:-1, max-image-preview:large, max-video-preview:-1\" \/>\n<link rel=\"canonical\" href=\"https:\/\/www.brasserieastoria.se\/en\/privata-sallskap\/\" \/>\n<meta property=\"og:locale\" content=\"en_US\" \/>\n<meta property=\"og:type\" content=\"article\" \/>\n<meta property=\"og:title\" content=\"Private Dining - Brasserie Astoria\" \/>\n<meta property=\"og:description\" content=\"A private experience Dine in our private chambre s\u00e9par\u00e9e We offer a chambre s\u00e9par\u00e9e for private events for parties of up to 12 people. Our full \u00e0 la carte menu is available. The minimum charge on evenings and weekends is SEK 10,000. &#8220;Tavelrummet&#8221; \u2013 Private dining space for up to 30 guests &#8220;Tavelrummet&#8221; (The Art [&hellip;]\" \/>\n<meta property=\"og:url\" content=\"https:\/\/www.brasserieastoria.se\/en\/privata-sallskap\/\" \/>\n<meta property=\"og:site_name\" content=\"Brasserie Astoria\" \/>\n<meta property=\"article:modified_time\" content=\"2026-01-16T09:57:53+00:00\" \/>\n<meta name=\"twitter:card\" content=\"summary_large_image\" \/>\n<meta name=\"twitter:label1\" content=\"Est. reading time\" \/>\n\t<meta name=\"twitter:data1\" content=\"1 minute\" \/>\n<script type=\"application\/ld+json\" class=\"yoast-schema-graph\">{\"@context\":\"https:\/\/schema.org\",\"@graph\":[{\"@type\":\"WebPage\",\"@id\":\"https:\/\/www.brasserieastoria.se\/en\/privata-sallskap\/\",\"url\":\"https:\/\/www.brasserieastoria.se\/en\/privata-sallskap\/\",\"name\":\"Private Dining - Brasserie Astoria\",\"isPartOf\":{\"@id\":\"https:\/\/www.brasserieastoria.se\/#website\"},\"datePublished\":\"2021-02-12T10:52:05+00:00\",\"dateModified\":\"2026-01-16T09:57:53+00:00\",\"breadcrumb\":{\"@id\":\"https:\/\/www.brasserieastoria.se\/en\/privata-sallskap\/#breadcrumb\"},\"inLanguage\":\"en-US\",\"potentialAction\":[{\"@type\":\"ReadAction\",\"target\":[\"https:\/\/www.brasserieastoria.se\/en\/privata-sallskap\/\"]}]},{\"@type\":\"BreadcrumbList\",\"@id\":\"https:\/\/www.brasserieastoria.se\/en\/privata-sallskap\/#breadcrumb\",\"itemListElement\":[{\"@type\":\"ListItem\",\"position\":1,\"name\":\"Hem\",\"item\":\"https:\/\/www.brasserieastoria.se\/en\/\"},{\"@type\":\"ListItem\",\"position\":2,\"name\":\"Private Dining\"}]},{\"@type\":\"WebSite\",\"@id\":\"https:\/\/www.brasserieastoria.se\/#website\",\"url\":\"https:\/\/www.brasserieastoria.se\/\",\"name\":\"Brasserie Astoria\",\"description\":\"by Frantz\u00e9n Group\",\"potentialAction\":[{\"@type\":\"SearchAction\",\"target\":{\"@type\":\"EntryPoint\",\"urlTemplate\":\"https:\/\/www.brasserieastoria.se\/?s={search_term_string}\"},\"query-input\":\"required name=search_term_string\"}],\"inLanguage\":\"en-US\"}]}<\/script>\n<!-- \/ Yoast SEO plugin. -->","yoast_head_json":{"title":"Private Dining - Brasserie Astoria","robots":{"index":"index","follow":"follow","max-snippet":"max-snippet:-1","max-image-preview":"max-image-preview:large","max-video-preview":"max-video-preview:-1"},"canonical":"https:\/\/www.brasserieastoria.se\/en\/privata-sallskap\/","og_locale":"en_US","og_type":"article","og_title":"Private Dining - Brasserie Astoria","og_description":"A private experience Dine in our private chambre s\u00e9par\u00e9e We offer a chambre s\u00e9par\u00e9e for private events for parties of up to 12 people. Our full \u00e0 la carte menu is available. The minimum charge on evenings and weekends is SEK 10,000. &#8220;Tavelrummet&#8221; \u2013 Private dining space for up to 30 guests &#8220;Tavelrummet&#8221; (The Art [&hellip;]","og_url":"https:\/\/www.brasserieastoria.se\/en\/privata-sallskap\/","og_site_name":"Brasserie Astoria","article_modified_time":"2026-01-16T09:57:53+00:00","twitter_card":"summary_large_image","twitter_misc":{"Est. reading time":"1 minute"},"schema":{"@context":"https:\/\/schema.org","@graph":[{"@type":"WebPage","@id":"https:\/\/www.brasserieastoria.se\/en\/privata-sallskap\/","url":"https:\/\/www.brasserieastoria.se\/en\/privata-sallskap\/","name":"Private Dining - Brasserie Astoria","isPartOf":{"@id":"https:\/\/www.brasserieastoria.se\/#website"},"datePublished":"2021-02-12T10:52:05+00:00","dateModified":"2026-01-16T09:57:53+00:00","breadcrumb":{"@id":"https:\/\/www.brasserieastoria.se\/en\/privata-sallskap\/#breadcrumb"},"inLanguage":"en-US","potentialAction":[{"@type":"ReadAction","target":["https:\/\/www.brasserieastoria.se\/en\/privata-sallskap\/"]}]},{"@type":"BreadcrumbList","@id":"https:\/\/www.brasserieastoria.se\/en\/privata-sallskap\/#breadcrumb","itemListElement":[{"@type":"ListItem","position":1,"name":"Hem","item":"https:\/\/www.brasserieastoria.se\/en\/"},{"@type":"ListItem","position":2,"name":"Private Dining"}]},{"@type":"WebSite","@id":"https:\/\/www.brasserieastoria.se\/#website","url":"https:\/\/www.brasserieastoria.se\/","name":"Brasserie Astoria","description":"by Frantz\u00e9n Group","potentialAction":[{"@type":"SearchAction","target":{"@type":"EntryPoint","urlTemplate":"https:\/\/www.brasserieastoria.se\/?s={search_term_string}"},"query-input":"required name=search_term_string"}],"inLanguage":"en-US"}]}},"_links":{"self":[{"href":"https:\/\/www.brasserieastoria.se\/en\/wp-json\/wp\/v2\/pages\/145","targetHints":{"allow":["GET"]}}],"collection":[{"href":"https:\/\/www.brasserieastoria.se\/en\/wp-json\/wp\/v2\/pages"}],"about":[{"href":"https:\/\/www.brasserieastoria.se\/en\/wp-json\/wp\/v2\/types\/page"}],"author":[{"embeddable":true,"href":"https:\/\/www.brasserieastoria.se\/en\/wp-json\/wp\/v2\/users\/1"}],"replies":[{"embeddable":true,"href":"https:\/\/www.brasserieastoria.se\/en\/wp-json\/wp\/v2\/comments?post=145"}],"version-history":[{"count":45,"href":"https:\/\/www.brasserieastoria.se\/en\/wp-json\/wp\/v2\/pages\/145\/revisions"}],"predecessor-version":[{"id":5618,"href":"https:\/\/www.brasserieastoria.se\/en\/wp-json\/wp\/v2\/pages\/145\/revisions\/5618"}],"wp:attachment":[{"href":"https:\/\/www.brasserieastoria.se\/en\/wp-json\/wp\/v2\/media?parent=145"}],"curies":[{"name":"wp","href":"https:\/\/api.w.org\/{rel}","templated":true}]}}