{"id":246,"date":"2021-02-15T12:00:59","date_gmt":"2021-02-15T12:00:59","guid":{"rendered":"https:\/\/www.brasserieastoria.se\/wp\/?page_id=246"},"modified":"2026-04-09T06:28:18","modified_gmt":"2026-04-09T06:28:18","slug":"brunch-2","status":"publish","type":"page","link":"https:\/\/www.brasserieastoria.se\/en\/menyn\/brunch-2\/","title":{"rendered":"Brunch"},"content":{"rendered":"\n<div class=\"wp-block-columns is-layout-flex wp-container-core-columns-is-layout-9d6595d7 wp-block-columns-is-layout-flex\">\n<div class=\"wp-block-column is-layout-flow wp-block-column-is-layout-flow\" style=\"flex-basis:66.66%\">\n<h1 class=\"wp-block-heading has-text-align-left\"><\/h1>\n\n\n\n<p>Our brunch is served in the main bar on Saturdays and Sundays, 12:00\u201316:00.<\/p>\n\n\n\n<p><\/p>\n\n\n\n<div style=\"height:10px\" aria-hidden=\"true\" class=\"wp-block-spacer\"><\/div>\n\n\n\n<div class=\"wp-block-buttons is-layout-flex wp-block-buttons-is-layout-flex\">\n<div class=\"wp-block-button is-style-outline is-style-outline--1\"><a class=\"wp-block-button__link wp-element-button\" href=\"https:\/\/www.sevenrooms.com\/experiences\/brasserieastoriastockholm\/brunch-11573038279\" style=\"border-radius:0px\">Book brunch<\/a><\/div>\n<\/div>\n\n\n\n<div style=\"height:30px\" aria-hidden=\"true\" class=\"wp-block-spacer\"><\/div>\n\n\n\n<h2 class=\"wp-block-heading\" style=\"text-transform:uppercase\">BRUNCH<\/h2>\n\n\n\n<div class=\"wp-block-group\"><div class=\"wp-block-group__inner-container is-layout-flow wp-block-group-is-layout-flow\">\n<figure class=\"wp-block-table\"><table><tbody><tr><td><strong>Bookmaker toast<\/strong><br>Grilled tenderloin, baby gem, horseradish,<br>red wine sauce, sauerkraut, dijon mayonnaise,<br>egg yolk, crispy onions &amp; pommes persillade<\/td><td>345<\/td><\/tr><tr><td><strong>\u00abSmashed croissant\u00bb<\/strong><br>Avocado, yuzu kosho, poached egg,<br>ruccola &amp; parmesan<\/td><td>215<\/td><\/tr><tr><td><strong>Astoria\u2019s tryffelhamburgare<\/strong><br>Summer truffle, brioche bread, truffle mayonnaise , caramelized onions, truffle cheddar &amp;<br>pickled white onion<\/td><td>245<\/td><\/tr><tr><td><strong>Chicken Katsu sando<\/strong><br>Japanese milk bread, crispy kale, kimchi mayonnaise,<br>pickled green chili, furikake &amp; tonkatsu sauce<\/td><td>295<\/td><\/tr><tr><td><strong>Butter-fried brioche &amp; vanilla ice cream<\/strong><br>Nutella, chocolate sauce,<br>condensed milk &amp; Marcona almonds<\/td><td>165<\/td><\/tr><\/tbody><\/table><\/figure>\n\n\n\n<h2 class=\"wp-block-heading\" style=\"text-transform:uppercase\">Gourmandises<\/h2>\n\n\n\n<figure class=\"wp-block-table\"><table><tbody><tr><td><strong>Oyster \u00abRockefeller\u00bb<\/strong><br>Kimchi, sesame seeds, parmesan,<br>sauce hollandaise &amp; coriander cress<\/td><td>80<\/td><\/tr><tr><td><strong>Oyster au naturelle (France, Bretagne no. 3)<\/strong><br>Champagne- &amp; shallot vinaigrette<\/td><td>60<\/td><\/tr><tr><td><strong>N25 Caviar by Bj\u00f6rn Frantz\u00e9n (30gr)<\/strong><br>Coconut waffles, cr\u00e8me crue, lime &amp; browned butter<\/td><td>985<\/td><\/tr><\/tbody><\/table><\/figure>\n\n\n\n<h2 class=\"wp-block-heading\" style=\"text-transform:uppercase\">Starters<\/h2>\n\n\n\n<figure class=\"wp-block-table\"><table><tbody><tr><td><strong>Toast Astoria<\/strong><br>King crab, shrimps, vendace roe from Kalix, butter fried toast, lemon confit &amp; wasabi oil, Tellicherry peppercorn &amp; pickled onion<\/td><td>295<\/td><\/tr><tr><td><strong>Stracciatella di burrata<\/strong><br>Fermented apricot, peas, beans, Marcona almonds &amp; shiso cress<\/td><td>295<\/td><\/tr><tr><td><strong>Rainbow trout crudo<\/strong><br>Astoria \u00abHot sauce\u00bb, lemon smetana, trout roe, spring onion,<br>dashi vinaigrette &amp; rice chips with green tea<\/td><td>325<\/td><\/tr><\/tbody><\/table><\/figure>\n\n\n\n<h2 class=\"wp-block-heading\">PIZZA<\/h2>\n\n\n\n<figure class=\"wp-block-table\"><table><tbody><tr><td><strong><strong>Truffle pizza \u00abLe blanc\u00bb<\/strong><\/strong><br>Summer truffle, fontina cheese, feta cheese, fris\u00e9e salad, roasted garlic oil &amp; chives<\/td><td>355<\/td><\/tr><tr><td><strong>\u00abKebab pizza\u00bb<\/strong><br>Duck confit, tomato sauce, fontina, pickled jalape\u00f1o, harissa yoghurt &amp; parsley<\/td><td>295<\/td><\/tr><tr><td><strong>Vendace roe pizza<\/strong><br>Potatoes, V\u00e4sterbotten cheese, lemon cr\u00e9me fra\u00eeche &amp; onion<\/td><td>385<\/td><\/tr><\/tbody><\/table><\/figure>\n\n\n\n<h2 class=\"wp-block-heading\">MAIN COURSE<\/h2>\n\n\n\n<figure class=\"wp-block-table\"><table><tbody><tr><td><strong>Moules \u00e0 la cr\u00e8me<\/strong><br>Jalape\u00f1o aioli, champagne cream, grilled onion oil, parsley &amp; pommes frites<\/td><td>285<\/td><\/tr><tr><td><strong>Steak tartare \u00e0 la parisienne<\/strong><br>Pommes frites &amp; classic condiments<\/td><td>385<\/td><\/tr><tr><td><strong>\u00ab<strong>Caesar salad<strong>\u00bb<\/strong> (prepared tableside)<\/strong><\/strong><br>Corn-fed chicken breast, toasted pine nuts, black smoked pork belly, chives, kale, 24 months aged parmesan \u00abVacche Rosse\u00bb &amp; marinated green beans<\/td><td>365<\/td><\/tr><tr><td><strong>Steak frites<\/strong><br>Sirloin from Argentina, sauce b\u00e9arnaise &amp;  <br>pommes frites with espelette,<br>parmesan- &amp; garlic <\/td><td>565<\/td><\/tr><\/tbody><\/table><\/figure>\n\n\n\n<h2 class=\"wp-block-heading\">SIDES<\/h2>\n\n\n\n<figure class=\"wp-block-table\"><table><tbody><tr><td>Spicy pommes frites with parmesan &amp; garlic &nbsp;<\/td><td>65<\/td><\/tr><tr><td>Pommes frites&nbsp;<\/td><td>45<\/td><\/tr><tr><td>Salad verte with parmesan<\/td><td>45<\/td><\/tr><tr><td>Tomato &amp; onion salad<\/td><td>60<\/td><\/tr><tr><td>Sauce b\u00e9arnaise<\/td><td>45<\/td><\/tr><tr><td>Browned butter hollandaise<\/td><td>45<\/td><\/tr><tr><td>Truffle mayonnaise<\/td><td>55<\/td><\/tr><tr><td>Summer truffle (5g)<\/td><td>125<\/td><\/tr><tr><td>N25 Caviar by Bj\u00f6rn Frantz\u00e9n (15g)<\/td><td>450<\/td><\/tr><\/tbody><\/table><\/figure>\n\n\n\n<h2 class=\"wp-block-heading\">DESSERT<\/h2>\n\n\n\n<figure class=\"wp-block-table\"><table><tbody><tr><td><strong>Cr\u00e8me br\u00fbl\u00e9e<\/strong><br>Miso &amp; cherries<\/td><td>120<\/td><\/tr><tr><td><strong>Bourbon- &amp; Tahiti vanilla ice cream \u00ab16\/1\u00bb<\/strong> <br>Salted fudge<\/td><td>185<\/td><\/tr><tr><td><strong>\u00abP\u00e4ronsplit\u00bb<\/strong><br>Pear sorbet, vanilla cream &amp; Nashi pears<\/td><td>125<\/td><\/tr><\/tbody><\/table><\/figure>\n<\/div><\/div>\n<\/div>\n\n\n\n<div class=\"wp-block-column is-layout-flow wp-block-column-is-layout-flow\" style=\"flex-basis:33.33%\">\n<hr class=\"wp-block-separator has-css-opacity is-style-wide\"\/>\n\n\n\n<h4 class=\"wp-block-heading\">Our \u00e0 la carte is always available<\/h4>\n\n\n<div class=\"sidebar_wrapper\"><hr><div class=\"html_content bla\">\n\n        <!-- Begin MailChimp Signup Form --> <link href=\"\/\/cdn-images.mailchimp.com\/embedcode\/classic-081711.css\" rel=\"stylesheet\" type=\"text\/css\"> \n\t\t\n\t\t<style type=\"text\/css\"> #mc_embed_signup{background:transparent; clear:left; color:#fff; } .mc-field-group input { color:#000; }\n\t\t\n\t\t#mc_embed_signup .mc-field-group {\n  max-width: 300px;\n  float:none;\n    width:100%;\n}\n\n#mc_embed_signup #mce-success-response {\n\ttext-align:center;\n  \tcolor: #fff;\n\twidth: 100%;\n}\n\n#mc_embed_signup .mc-field-group input {\n  padding: 7px 0 2px 0;\n  text-indent: 2%;\n  font-size: 22px;\n}\n\n\t\t\n\t\t\/* Add your own MailChimp form style overrides in your site stylesheet or in this style block. We recommend moving this block and the preceding CSS link to the HEAD of your HTML file. *\/ <\/style> <div id=\"mc_embed_signup\"> <form action=\"\/\/gastonvin.us3.list-manage.com\/subscribe\/post?u=7b600f0852b4de38c5f745b1f&amp;id=b9ac18c4f3\" method=\"post\" id=\"mc-embedded-subscribe-form\" name=\"mc-embedded-subscribe-form\" class=\"validate\" target=\"_blank\" novalidate> <div id=\"mc_embed_signup_scroll\">         <h3>Newsletter<\/h3>\n <div class=\"mc-field-group\"> <input type=\"email\" onfocus=\"if(this.value=='Your E-mail') this.value='';\" onblur=\"if(this.value=='') this.value='Your E-mail';\" value=\"Your E-mail\" name=\"EMAIL\" class=\"required email\" id=\"mce-EMAIL\"> <\/div><div class=\"clear\"><input type=\"submit\" value=\"Send\" name=\"subscribe\" id=\"mc-embedded-subscribe\" class=\"button\"><\/div>  <div id=\"mce-responses\" class=\"clear\"> <div class=\"response\" id=\"mce-error-response\" style=\"display:none\"><\/div> <div class=\"response\" id=\"mce-success-response\" style=\"display:none\"><\/div> <\/div> <!-- real people should not fill this in and expect good things - do not remove this or risk form bot signups--> <div style=\"position: absolute; left: -5000px;\"><input type=\"text\" name=\"b_7b600f0852b4de38c5f745b1f_b9ac18c4f3\" tabindex=\"-1\" value=\"\"><\/div> <\/div> <\/form> <\/div><hr><div class=\"open_hours\"><hr \/>\r\n\r\n<h3>Opening hours<\/h3>\r\n\r\n<hr \/>\r\n<p data-pm-slice=\"0 0 []\">Monday \u2013 Tuesday, 11.30 \u2013 00.00\r\nWednesday \u2013 Thursday, 11.30 \u2013 01.00\r\nFriday, 11.30 \u2013 02.00\r\nSaturday, 12.00 \u2013 02.00\r\nSunday, 12.00 \u2013 00.00<\/p>\r\n\r\n\r\n<hr \/>\r\n\r\n<h3>GIFT CARD<\/h3>\r\n<a href=\"https:\/\/www.frantzenprojects.com\/product\/brasserie-astoria-gift-card\/\" target=\"_blank\" rel=\"noopener\">Online<\/a>\r\n\r\n<hr \/><\/div><\/div><\/div>\n<\/div>\n<\/div>\n","protected":false},"excerpt":{"rendered":"<p>Our brunch is served in the main bar on Saturdays and Sundays, 12:00\u201316:00. BRUNCH Bookmaker toastGrilled tenderloin, baby gem, horseradish,red wine sauce, sauerkraut, dijon mayonnaise,egg yolk, crispy onions &amp; pommes persillade 345 \u00abSmashed croissant\u00bbAvocado, yuzu kosho, poached egg,ruccola &amp; parmesan 215 Astoria\u2019s tryffelhamburgareSummer truffle, brioche bread, truffle mayonnaise , caramelized onions, truffle cheddar &amp;pickled white [&hellip;]<\/p>\n","protected":false},"author":2,"featured_media":0,"parent":139,"menu_order":0,"comment_status":"closed","ping_status":"closed","template":"","meta":{"_acf_changed":false,"footnotes":""},"class_list":["post-246","page","type-page","status-publish","hentry"],"acf":[],"yoast_head":"<!-- This site is optimized with the Yoast SEO plugin v21.9.1 - https:\/\/yoast.com\/wordpress\/plugins\/seo\/ -->\n<title>Brunch - Brasserie Astoria<\/title>\n<meta name=\"robots\" content=\"index, follow, max-snippet:-1, max-image-preview:large, max-video-preview:-1\" \/>\n<link rel=\"canonical\" href=\"https:\/\/www.brasserieastoria.se\/en\/menyn\/brunch-2\/\" \/>\n<meta property=\"og:locale\" content=\"en_US\" \/>\n<meta property=\"og:type\" content=\"article\" \/>\n<meta property=\"og:title\" content=\"Brunch - Brasserie Astoria\" \/>\n<meta property=\"og:description\" content=\"Our brunch is served in the main bar on Saturdays and Sundays, 12:00\u201316:00. BRUNCH Bookmaker toastGrilled tenderloin, baby gem, horseradish,red wine sauce, sauerkraut, dijon mayonnaise,egg yolk, crispy onions &amp; pommes persillade 345 \u00abSmashed croissant\u00bbAvocado, yuzu kosho, poached egg,ruccola &amp; parmesan 215 Astoria\u2019s tryffelhamburgareSummer truffle, brioche bread, truffle mayonnaise , caramelized onions, truffle cheddar &amp;pickled white [&hellip;]\" \/>\n<meta property=\"og:url\" content=\"https:\/\/www.brasserieastoria.se\/en\/menyn\/brunch-2\/\" \/>\n<meta property=\"og:site_name\" content=\"Brasserie Astoria\" \/>\n<meta property=\"article:modified_time\" content=\"2026-04-09T06:28:18+00:00\" \/>\n<meta name=\"twitter:card\" content=\"summary_large_image\" \/>\n<meta name=\"twitter:label1\" content=\"Est. reading time\" \/>\n\t<meta name=\"twitter:data1\" content=\"2 minutes\" \/>\n<script type=\"application\/ld+json\" class=\"yoast-schema-graph\">{\"@context\":\"https:\/\/schema.org\",\"@graph\":[{\"@type\":\"WebPage\",\"@id\":\"https:\/\/www.brasserieastoria.se\/en\/menyn\/brunch-2\/\",\"url\":\"https:\/\/www.brasserieastoria.se\/en\/menyn\/brunch-2\/\",\"name\":\"Brunch - Brasserie Astoria\",\"isPartOf\":{\"@id\":\"https:\/\/www.brasserieastoria.se\/#website\"},\"datePublished\":\"2021-02-15T12:00:59+00:00\",\"dateModified\":\"2026-04-09T06:28:18+00:00\",\"breadcrumb\":{\"@id\":\"https:\/\/www.brasserieastoria.se\/en\/menyn\/brunch-2\/#breadcrumb\"},\"inLanguage\":\"en-US\",\"potentialAction\":[{\"@type\":\"ReadAction\",\"target\":[\"https:\/\/www.brasserieastoria.se\/en\/menyn\/brunch-2\/\"]}]},{\"@type\":\"BreadcrumbList\",\"@id\":\"https:\/\/www.brasserieastoria.se\/en\/menyn\/brunch-2\/#breadcrumb\",\"itemListElement\":[{\"@type\":\"ListItem\",\"position\":1,\"name\":\"Hem\",\"item\":\"https:\/\/www.brasserieastoria.se\/en\/\"},{\"@type\":\"ListItem\",\"position\":2,\"name\":\"Menyn\",\"item\":\"https:\/\/www.brasserieastoria.se\/en\/menyn\/\"},{\"@type\":\"ListItem\",\"position\":3,\"name\":\"Brunch\"}]},{\"@type\":\"WebSite\",\"@id\":\"https:\/\/www.brasserieastoria.se\/#website\",\"url\":\"https:\/\/www.brasserieastoria.se\/\",\"name\":\"Brasserie Astoria\",\"description\":\"by Frantz\u00e9n Group\",\"potentialAction\":[{\"@type\":\"SearchAction\",\"target\":{\"@type\":\"EntryPoint\",\"urlTemplate\":\"https:\/\/www.brasserieastoria.se\/?s={search_term_string}\"},\"query-input\":\"required name=search_term_string\"}],\"inLanguage\":\"en-US\"}]}<\/script>\n<!-- \/ Yoast SEO plugin. -->","yoast_head_json":{"title":"Brunch - Brasserie Astoria","robots":{"index":"index","follow":"follow","max-snippet":"max-snippet:-1","max-image-preview":"max-image-preview:large","max-video-preview":"max-video-preview:-1"},"canonical":"https:\/\/www.brasserieastoria.se\/en\/menyn\/brunch-2\/","og_locale":"en_US","og_type":"article","og_title":"Brunch - Brasserie Astoria","og_description":"Our brunch is served in the main bar on Saturdays and Sundays, 12:00\u201316:00. BRUNCH Bookmaker toastGrilled tenderloin, baby gem, horseradish,red wine sauce, sauerkraut, dijon mayonnaise,egg yolk, crispy onions &amp; pommes persillade 345 \u00abSmashed croissant\u00bbAvocado, yuzu kosho, poached egg,ruccola &amp; parmesan 215 Astoria\u2019s tryffelhamburgareSummer truffle, brioche bread, truffle mayonnaise , caramelized onions, truffle cheddar &amp;pickled white [&hellip;]","og_url":"https:\/\/www.brasserieastoria.se\/en\/menyn\/brunch-2\/","og_site_name":"Brasserie Astoria","article_modified_time":"2026-04-09T06:28:18+00:00","twitter_card":"summary_large_image","twitter_misc":{"Est. reading time":"2 minutes"},"schema":{"@context":"https:\/\/schema.org","@graph":[{"@type":"WebPage","@id":"https:\/\/www.brasserieastoria.se\/en\/menyn\/brunch-2\/","url":"https:\/\/www.brasserieastoria.se\/en\/menyn\/brunch-2\/","name":"Brunch - Brasserie Astoria","isPartOf":{"@id":"https:\/\/www.brasserieastoria.se\/#website"},"datePublished":"2021-02-15T12:00:59+00:00","dateModified":"2026-04-09T06:28:18+00:00","breadcrumb":{"@id":"https:\/\/www.brasserieastoria.se\/en\/menyn\/brunch-2\/#breadcrumb"},"inLanguage":"en-US","potentialAction":[{"@type":"ReadAction","target":["https:\/\/www.brasserieastoria.se\/en\/menyn\/brunch-2\/"]}]},{"@type":"BreadcrumbList","@id":"https:\/\/www.brasserieastoria.se\/en\/menyn\/brunch-2\/#breadcrumb","itemListElement":[{"@type":"ListItem","position":1,"name":"Hem","item":"https:\/\/www.brasserieastoria.se\/en\/"},{"@type":"ListItem","position":2,"name":"Menyn","item":"https:\/\/www.brasserieastoria.se\/en\/menyn\/"},{"@type":"ListItem","position":3,"name":"Brunch"}]},{"@type":"WebSite","@id":"https:\/\/www.brasserieastoria.se\/#website","url":"https:\/\/www.brasserieastoria.se\/","name":"Brasserie Astoria","description":"by Frantz\u00e9n Group","potentialAction":[{"@type":"SearchAction","target":{"@type":"EntryPoint","urlTemplate":"https:\/\/www.brasserieastoria.se\/?s={search_term_string}"},"query-input":"required name=search_term_string"}],"inLanguage":"en-US"}]}},"_links":{"self":[{"href":"https:\/\/www.brasserieastoria.se\/en\/wp-json\/wp\/v2\/pages\/246","targetHints":{"allow":["GET"]}}],"collection":[{"href":"https:\/\/www.brasserieastoria.se\/en\/wp-json\/wp\/v2\/pages"}],"about":[{"href":"https:\/\/www.brasserieastoria.se\/en\/wp-json\/wp\/v2\/types\/page"}],"author":[{"embeddable":true,"href":"https:\/\/www.brasserieastoria.se\/en\/wp-json\/wp\/v2\/users\/2"}],"replies":[{"embeddable":true,"href":"https:\/\/www.brasserieastoria.se\/en\/wp-json\/wp\/v2\/comments?post=246"}],"version-history":[{"count":122,"href":"https:\/\/www.brasserieastoria.se\/en\/wp-json\/wp\/v2\/pages\/246\/revisions"}],"predecessor-version":[{"id":5790,"href":"https:\/\/www.brasserieastoria.se\/en\/wp-json\/wp\/v2\/pages\/246\/revisions\/5790"}],"up":[{"embeddable":true,"href":"https:\/\/www.brasserieastoria.se\/en\/wp-json\/wp\/v2\/pages\/139"}],"wp:attachment":[{"href":"https:\/\/www.brasserieastoria.se\/en\/wp-json\/wp\/v2\/media?parent=246"}],"curies":[{"name":"wp","href":"https:\/\/api.w.org\/{rel}","templated":true}]}}